{"id":2084,"date":"2025-10-23T11:32:01","date_gmt":"2025-10-23T09:32:01","guid":{"rendered":"https:\/\/uroccr-com.dev.hiteo.cloud\/contact\/"},"modified":"2025-12-04T16:52:40","modified_gmt":"2025-12-04T15:52:40","slug":"contact","status":"publish","type":"page","link":"https:\/\/uroccr.fr\/en\/contact\/","title":{"rendered":"Contact"},"content":{"rendered":"\t\t<div data-elementor-type=\"wp-page\" data-elementor-id=\"2084\" class=\"elementor elementor-2084 elementor-28\" data-elementor-post-type=\"page\">\n\t\t\t\t<div class=\"elementor-element elementor-element-956780c e-flex e-con-boxed e-con e-parent\" data-id=\"956780c\" data-element_type=\"container\" data-e-type=\"container\" data-settings=\"{&quot;background_background&quot;:&quot;classic&quot;}\">\n\t\t\t\t\t<div class=\"e-con-inner\">\n\t\t\t\t<div class=\"elementor-element elementor-element-fa9937b elementor-widget__width-initial elementor-widget-mobile__width-inherit elementor-widget elementor-widget-heading\" data-id=\"fa9937b\" data-element_type=\"widget\" data-e-type=\"widget\" data-widget_type=\"heading.default\">\n\t\t\t\t<div class=\"elementor-widget-container\">\n\t\t\t\t\t<h1 class=\"elementor-heading-title elementor-size-default\">C<span>o<\/span>ntact us<\/h1>\t\t\t\t<\/div>\n\t\t\t\t<\/div>\n\t\t\t\t<div class=\"elementor-element elementor-element-a5be759 elementor-hidden-tablet elementor-hidden-mobile elementor-widget elementor-widget-image\" data-id=\"a5be759\" data-element_type=\"widget\" data-e-type=\"widget\" data-widget_type=\"image.default\">\n\t\t\t\t<div class=\"elementor-widget-container\">\n\t\t\t\t\t\t\t\t\t\t\t\t\t\t\t<img decoding=\"async\" width=\"195\" height=\"198\" src=\"https:\/\/uroccr.fr\/wp-content\/uploads\/2025\/10\/cercle-bleu-uroccr-bordeaux.webp\" class=\"attachment-full size-full wp-image-1986\" alt=\"Cercle bleu UroCCR Bordeaux\" \/>\t\t\t\t\t\t\t\t\t\t\t\t\t\t\t<\/div>\n\t\t\t\t<\/div>\n\t\t\t\t\t<\/div>\n\t\t\t\t<\/div>\n\t\t<div class=\"elementor-element elementor-element-d6bde8b e-flex e-con-boxed e-con e-parent\" data-id=\"d6bde8b\" data-element_type=\"container\" data-e-type=\"container\">\n\t\t\t\t\t<div class=\"e-con-inner\">\n\t\t<div class=\"elementor-element elementor-element-89ff318 e-con-full e-flex e-con e-child\" data-id=\"89ff318\" data-element_type=\"container\" data-e-type=\"container\" data-settings=\"{&quot;background_background&quot;:&quot;gradient&quot;}\">\n\t\t<div class=\"elementor-element elementor-element-5f4dfaa e-con-full e-flex e-con e-child\" data-id=\"5f4dfaa\" data-element_type=\"container\" data-e-type=\"container\">\n\t\t\t\t<div class=\"elementor-element elementor-element-5c7d7b9 elementor-button-align-start elementor-mobile-button-align-center elementor-widget elementor-widget-form\" data-id=\"5c7d7b9\" data-element_type=\"widget\" data-e-type=\"widget\" data-settings=\"{&quot;step_next_label&quot;:&quot;Next&quot;,&quot;step_previous_label&quot;:&quot;Previous&quot;,&quot;button_width&quot;:&quot;100&quot;,&quot;step_type&quot;:&quot;number_text&quot;,&quot;step_icon_shape&quot;:&quot;circle&quot;}\" data-widget_type=\"form.default\">\n\t\t\t\t<div class=\"elementor-widget-container\">\n\t\t\t\t\t\t\t<form class=\"elementor-form\" method=\"post\" name=\"UroCCR contact form\" aria-label=\"UroCCR contact form\">\n\t\t\t<input type=\"hidden\" name=\"post_id\" value=\"2084\"\/>\n\t\t\t<input type=\"hidden\" name=\"form_id\" value=\"5c7d7b9\"\/>\n\t\t\t<input type=\"hidden\" name=\"referer_title\" value=\"UroCCR Contact \u2013 French National Research on Kidney Cancer\" \/>\n\n\t\t\t\t\t\t\t<input type=\"hidden\" name=\"queried_id\" value=\"2084\"\/>\n\t\t\t\n\t\t\t<div class=\"elementor-form-fields-wrapper elementor-labels-\">\n\t\t\t\t\t\t\t\t<div class=\"elementor-field-type-text elementor-field-group elementor-column elementor-field-group-name elementor-col-50 elementor-field-required\">\n\t\t\t\t\t\t\t\t\t\t\t\t<label for=\"form-field-name\" class=\"elementor-field-label elementor-screen-only\">\n\t\t\t\t\t\t\t\tSurname\t\t\t\t\t\t\t<\/label>\n\t\t\t\t\t\t\t\t\t\t\t\t\t\t<input size=\"1\" type=\"text\" name=\"form_fields[name]\" id=\"form-field-name\" class=\"elementor-field elementor-size-sm  elementor-field-textual\" placeholder=\"Surname\" required=\"required\">\n\t\t\t\t\t\t\t\t\t\t\t<\/div>\n\t\t\t\t\t\t\t\t<div class=\"elementor-field-type-text elementor-field-group elementor-column elementor-field-group-field_d39db56 elementor-col-50 elementor-field-required\">\n\t\t\t\t\t\t\t\t\t\t\t\t<label for=\"form-field-field_d39db56\" class=\"elementor-field-label elementor-screen-only\">\n\t\t\t\t\t\t\t\tGiven name\t\t\t\t\t\t\t<\/label>\n\t\t\t\t\t\t\t\t\t\t\t\t\t\t<input size=\"1\" type=\"text\" name=\"form_fields[field_d39db56]\" id=\"form-field-field_d39db56\" class=\"elementor-field elementor-size-sm  elementor-field-textual\" placeholder=\"Given name\" required=\"required\">\n\t\t\t\t\t\t\t\t\t\t\t<\/div>\n\t\t\t\t\t\t\t\t<div class=\"elementor-field-type-tel elementor-field-group elementor-column elementor-field-group-field_65718b4 elementor-col-50 elementor-field-required\">\n\t\t\t\t\t\t\t\t\t\t\t\t<label for=\"form-field-field_65718b4\" class=\"elementor-field-label elementor-screen-only\">\n\t\t\t\t\t\t\t\tPhone\t\t\t\t\t\t\t<\/label>\n\t\t\t\t\t\t\t\t<input size=\"1\" type=\"tel\" name=\"form_fields[field_65718b4]\" id=\"form-field-field_65718b4\" class=\"elementor-field elementor-size-sm  elementor-field-textual\" placeholder=\"Phone\" required=\"required\" pattern=\"[0-9()#&amp;+*-=.]+\" title=\"Only numbers and phone characters (#, -, *, etc) are accepted.\">\n\n\t\t\t\t\t\t<\/div>\n\t\t\t\t\t\t\t\t<div class=\"elementor-field-type-email elementor-field-group elementor-column elementor-field-group-email elementor-col-50 elementor-field-required\">\n\t\t\t\t\t\t\t\t\t\t\t\t<label for=\"form-field-email\" class=\"elementor-field-label elementor-screen-only\">\n\t\t\t\t\t\t\t\tE-mail\t\t\t\t\t\t\t<\/label>\n\t\t\t\t\t\t\t\t\t\t\t\t\t\t<input size=\"1\" type=\"email\" name=\"form_fields[email]\" id=\"form-field-email\" class=\"elementor-field elementor-size-sm  elementor-field-textual\" placeholder=\"E-mail\" required=\"required\">\n\t\t\t\t\t\t\t\t\t\t\t<\/div>\n\t\t\t\t\t\t\t\t<div class=\"elementor-field-type-text elementor-field-group elementor-column elementor-field-group-field_ff90ea9 elementor-col-100 elementor-field-required\">\n\t\t\t\t\t\t\t\t\t\t\t\t<label for=\"form-field-field_ff90ea9\" class=\"elementor-field-label elementor-screen-only\">\n\t\t\t\t\t\t\t\tObject\t\t\t\t\t\t\t<\/label>\n\t\t\t\t\t\t\t\t\t\t\t\t\t\t<input size=\"1\" type=\"text\" name=\"form_fields[field_ff90ea9]\" id=\"form-field-field_ff90ea9\" class=\"elementor-field elementor-size-sm  elementor-field-textual\" placeholder=\"Object\" required=\"required\">\n\t\t\t\t\t\t\t\t\t\t\t<\/div>\n\t\t\t\t\t\t\t\t<div class=\"elementor-field-type-textarea elementor-field-group elementor-column elementor-field-group-message elementor-col-100\">\n\t\t\t\t\t\t\t\t\t\t\t\t<label for=\"form-field-message\" class=\"elementor-field-label elementor-screen-only\">\n\t\t\t\t\t\t\t\tMessage\t\t\t\t\t\t\t<\/label>\n\t\t\t\t\t\t<textarea class=\"elementor-field-textual elementor-field  elementor-size-sm\" name=\"form_fields[message]\" id=\"form-field-message\" rows=\"4\" placeholder=\"Message\"><\/textarea>\t\t\t\t<\/div>\n\t\t\t\t\t\t\t\t<div class=\"elementor-field-type-acceptance elementor-field-group elementor-column elementor-field-group-field_8ec6562 elementor-col-100 elementor-field-required\">\n\t\t\t\t\t\t\t<div class=\"elementor-field-subgroup\">\n\t\t\t<span class=\"elementor-field-option\">\n\t\t\t\t<input type=\"checkbox\" name=\"form_fields[field_8ec6562]\" id=\"form-field-field_8ec6562\" class=\"elementor-field elementor-size-sm  elementor-acceptance-field\" required=\"required\">\n\t\t\t\t<label for=\"form-field-field_8ec6562\">I have read and agree to the <a href=\"https:\/\/uroccr.fr\/en\/privacy-policy\/\">Terms of Service and Privacy Policy<\/a>.<\/label>\t\t\t<\/span>\n\t\t<\/div>\n\t\t\t\t\t\t<\/div>\n\t\t\t\t\t\t\t\t<div class=\"elementor-field-type-recaptcha_v3 elementor-field-group elementor-column elementor-field-group-field_f20c770 elementor-col-100 recaptcha_v3-bottomright\">\n\t\t\t\t\t<div class=\"elementor-field\" id=\"form-field-field_f20c770\"><div class=\"elementor-g-recaptcha\" data-sitekey=\"6LeFQygsAAAAAD0w_Jy_qPaojYcOoH8LiQCr3i5B\" data-type=\"v3\" data-action=\"Form\" data-badge=\"bottomright\" data-size=\"invisible\"><\/div><\/div>\t\t\t\t<\/div>\n\t\t\t\t\t\t\t\t<div class=\"elementor-field-group elementor-column elementor-field-type-submit elementor-col-100 e-form__buttons\">\n\t\t\t\t\t<button class=\"elementor-button elementor-size-sm\" type=\"submit\">\n\t\t\t\t\t\t<span class=\"elementor-button-content-wrapper\">\n\t\t\t\t\t\t\t\t\t\t\t\t\t\t\t\t\t\t\t\t\t\t<span class=\"elementor-button-text\">Send message<\/span>\n\t\t\t\t\t\t\t\t\t\t\t\t\t<\/span>\n\t\t\t\t\t<\/button>\n\t\t\t\t<\/div>\n\t\t\t<\/div>\n\t\t<\/form>\n\t\t\t\t\t\t<\/div>\n\t\t\t\t<\/div>\n\t\t\t\t<\/div>\n\t\t<div class=\"elementor-element elementor-element-6eaf9be e-con-full e-flex e-con e-child\" data-id=\"6eaf9be\" data-element_type=\"container\" data-e-type=\"container\">\n\t\t\t\t<div class=\"elementor-element elementor-element-e2947e5 elementor-widget elementor-widget-image\" data-id=\"e2947e5\" data-element_type=\"widget\" data-e-type=\"widget\" data-widget_type=\"image.default\">\n\t\t\t\t<div class=\"elementor-widget-container\">\n\t\t\t\t\t\t\t\t\t\t\t\t\t\t\t\t<a href=\"https:\/\/www.google.fr\/maps\/place\/Service+d&#039;Urologie+du+CHU+de+Bordeaux\/@44.8276848,-0.6069321,800m\/data=!3m2!1e3!4b1!4m6!3m5!1s0xd54d87459f18461:0xf29834b37d79f0a1!8m2!3d44.827681!4d-0.6043572!16s%2Fg%2F1q5glfnwv?hl=fr&#038;entry=ttu&#038;g_ep=EgoyMDI1MTAyMC4wIKXMDSoASAFQAw%3D%3D\" target=\"_blank\">\n\t\t\t\t\t\t\t<img fetchpriority=\"high\" decoding=\"async\" width=\"695\" height=\"587\" src=\"https:\/\/uroccr.fr\/wp-content\/uploads\/2025\/11\/carte-contact-uroccr-bordeaux.webp\" class=\"attachment-full size-full wp-image-2083\" alt=\"Carte contact UroCCR \u00e0 Bordeaux\" srcset=\"https:\/\/uroccr.fr\/wp-content\/uploads\/2025\/11\/carte-contact-uroccr-bordeaux.webp 695w, https:\/\/uroccr.fr\/wp-content\/uploads\/2025\/11\/carte-contact-uroccr-bordeaux-300x253.webp 300w\" sizes=\"(max-width: 695px) 100vw, 695px\" \/>\t\t\t\t\t\t\t\t<\/a>\n\t\t\t\t\t\t\t\t\t\t\t\t\t\t\t<\/div>\n\t\t\t\t<\/div>\n\t\t\t\t<\/div>\n\t\t\t\t<\/div>\n\t\t\t\t\t<\/div>\n\t\t\t\t<\/div>\n\t\t<div class=\"elementor-element elementor-element-0ffb7f2 e-flex e-con-boxed e-con e-parent\" data-id=\"0ffb7f2\" data-element_type=\"container\" data-e-type=\"container\" data-settings=\"{&quot;background_background&quot;:&quot;classic&quot;}\">\n\t\t\t\t\t<div class=\"e-con-inner\">\n\t\t\t\t<div class=\"elementor-element elementor-element-25f3b34 elementor-tablet-align-center elementor-align-center elementor-widget elementor-widget-button\" data-id=\"25f3b34\" data-element_type=\"widget\" data-e-type=\"widget\" data-widget_type=\"button.default\">\n\t\t\t\t<div class=\"elementor-widget-container\">\n\t\t\t\t\t\t\t\t\t<div class=\"elementor-button-wrapper\">\n\t\t\t\t\t<a class=\"elementor-button elementor-button-link elementor-size-sm\" href=\"https:\/\/uroccr.fr\/en\/the-network\/\">\n\t\t\t\t\t\t<span class=\"elementor-button-content-wrapper\">\n\t\t\t\t\t\t\t\t\t<span class=\"elementor-button-text\">See UroCCR Network<\/span>\n\t\t\t\t\t<\/span>\n\t\t\t\t\t<\/a>\n\t\t\t\t<\/div>\n\t\t\t\t\t\t\t\t<\/div>\n\t\t\t\t<\/div>\n\t\t\t\t\t<\/div>\n\t\t\t\t<\/div>\n\t\t\t\t<\/div>\n\t\t","protected":false},"excerpt":{"rendered":"<p>Contact us See UroCCR Network<\/p>\n","protected":false},"author":4,"featured_media":2014,"parent":0,"menu_order":0,"comment_status":"closed","ping_status":"closed","template":"","meta":{"_acf_changed":false,"inline_featured_image":false,"footnotes":""},"class_list":["post-2084","page","type-page","status-publish","has-post-thumbnail","hentry"],"acf":[],"yoast_head":"<!-- This site is optimized with the Yoast SEO plugin v27.5 - https:\/\/yoast.com\/product\/yoast-seo-wordpress\/ -->\n<title>UroCCR Contact \u2013 French National Research on Kidney Cancer<\/title>\n<meta name=\"description\" content=\"Would you like to find more about UroCCR? Contact our experts dedicated to kidney cancer research and management.\" \/>\n<meta name=\"robots\" content=\"index, follow, max-snippet:-1, max-image-preview:large, max-video-preview:-1\" \/>\n<link rel=\"canonical\" href=\"https:\/\/uroccr.fr\/en\/contact\/\" \/>\n<meta property=\"og:locale\" content=\"en_US\" \/>\n<meta property=\"og:type\" content=\"article\" \/>\n<meta property=\"og:title\" content=\"UroCCR Contact \u2013 French National Research on Kidney Cancer\" \/>\n<meta property=\"og:description\" content=\"Would you like to find more about UroCCR? Contact our experts dedicated to kidney cancer research and management.\" \/>\n<meta property=\"og:url\" content=\"https:\/\/uroccr.fr\/en\/contact\/\" \/>\n<meta property=\"og:site_name\" content=\"UroCCR\" \/>\n<meta property=\"article:modified_time\" content=\"2025-12-04T15:52:40+00:00\" \/>\n<meta name=\"twitter:card\" content=\"summary_large_image\" \/>\n<script type=\"application\/ld+json\" class=\"yoast-schema-graph\">{\"@context\":\"https:\\\/\\\/schema.org\",\"@graph\":[{\"@type\":\"WebPage\",\"@id\":\"https:\\\/\\\/uroccr.fr\\\/en\\\/contact\\\/\",\"url\":\"https:\\\/\\\/uroccr.fr\\\/en\\\/contact\\\/\",\"name\":\"UroCCR Contact \u2013 French National Research on Kidney Cancer\",\"isPartOf\":{\"@id\":\"https:\\\/\\\/uroccr.fr\\\/en\\\/#website\"},\"primaryImageOfPage\":{\"@id\":\"https:\\\/\\\/uroccr.fr\\\/en\\\/contact\\\/#primaryimage\"},\"image\":{\"@id\":\"https:\\\/\\\/uroccr.fr\\\/en\\\/contact\\\/#primaryimage\"},\"thumbnailUrl\":\"https:\\\/\\\/uroccr.fr\\\/wp-content\\\/uploads\\\/2025\\\/10\\\/logo-uroccr-fond-blanc.svg\",\"datePublished\":\"2025-10-23T09:32:01+00:00\",\"dateModified\":\"2025-12-04T15:52:40+00:00\",\"description\":\"Would you like to find more about UroCCR? Contact our experts dedicated to kidney cancer research and management.\",\"breadcrumb\":{\"@id\":\"https:\\\/\\\/uroccr.fr\\\/en\\\/contact\\\/#breadcrumb\"},\"inLanguage\":\"en-US\",\"potentialAction\":[{\"@type\":\"ReadAction\",\"target\":[\"https:\\\/\\\/uroccr.fr\\\/en\\\/contact\\\/\"]}]},{\"@type\":\"ImageObject\",\"inLanguage\":\"en-US\",\"@id\":\"https:\\\/\\\/uroccr.fr\\\/en\\\/contact\\\/#primaryimage\",\"url\":\"https:\\\/\\\/uroccr.fr\\\/wp-content\\\/uploads\\\/2025\\\/10\\\/logo-uroccr-fond-blanc.svg\",\"contentUrl\":\"https:\\\/\\\/uroccr.fr\\\/wp-content\\\/uploads\\\/2025\\\/10\\\/logo-uroccr-fond-blanc.svg\",\"caption\":\"Logo UroCCR fond blanc\"},{\"@type\":\"BreadcrumbList\",\"@id\":\"https:\\\/\\\/uroccr.fr\\\/en\\\/contact\\\/#breadcrumb\",\"itemListElement\":[{\"@type\":\"ListItem\",\"position\":1,\"name\":\"Accueil\",\"item\":\"https:\\\/\\\/uroccr.fr\\\/en\\\/\"},{\"@type\":\"ListItem\",\"position\":2,\"name\":\"Contact\"}]},{\"@type\":\"WebSite\",\"@id\":\"https:\\\/\\\/uroccr.fr\\\/en\\\/#website\",\"url\":\"https:\\\/\\\/uroccr.fr\\\/en\\\/\",\"name\":\"UroCCR\",\"description\":\"R\u00e9seau Fran\u00e7ais de recherche sur le cancer du rein \u00e0 Bordeaux\",\"publisher\":{\"@id\":\"https:\\\/\\\/uroccr.fr\\\/en\\\/#organization\"},\"potentialAction\":[{\"@type\":\"SearchAction\",\"target\":{\"@type\":\"EntryPoint\",\"urlTemplate\":\"https:\\\/\\\/uroccr.fr\\\/en\\\/?s={search_term_string}\"},\"query-input\":{\"@type\":\"PropertyValueSpecification\",\"valueRequired\":true,\"valueName\":\"search_term_string\"}}],\"inLanguage\":\"en-US\"},{\"@type\":\"Organization\",\"@id\":\"https:\\\/\\\/uroccr.fr\\\/en\\\/#organization\",\"name\":\"UroCCR\",\"url\":\"https:\\\/\\\/uroccr.fr\\\/en\\\/\",\"logo\":{\"@type\":\"ImageObject\",\"inLanguage\":\"en-US\",\"@id\":\"https:\\\/\\\/uroccr.fr\\\/en\\\/#\\\/schema\\\/logo\\\/image\\\/\",\"url\":\"https:\\\/\\\/uroccr.fr\\\/wp-content\\\/uploads\\\/2025\\\/10\\\/logo-uroccr-fond-blanc.svg\",\"contentUrl\":\"https:\\\/\\\/uroccr.fr\\\/wp-content\\\/uploads\\\/2025\\\/10\\\/logo-uroccr-fond-blanc.svg\",\"caption\":\"UroCCR\"},\"image\":{\"@id\":\"https:\\\/\\\/uroccr.fr\\\/en\\\/#\\\/schema\\\/logo\\\/image\\\/\"}}]}<\/script>\n<!-- \/ Yoast SEO plugin. -->","yoast_head_json":{"title":"UroCCR Contact \u2013 French National Research on Kidney Cancer","description":"Would you like to find more about UroCCR? Contact our experts dedicated to kidney cancer research and management.","robots":{"index":"index","follow":"follow","max-snippet":"max-snippet:-1","max-image-preview":"max-image-preview:large","max-video-preview":"max-video-preview:-1"},"canonical":"https:\/\/uroccr.fr\/en\/contact\/","og_locale":"en_US","og_type":"article","og_title":"UroCCR Contact \u2013 French National Research on Kidney Cancer","og_description":"Would you like to find more about UroCCR? Contact our experts dedicated to kidney cancer research and management.","og_url":"https:\/\/uroccr.fr\/en\/contact\/","og_site_name":"UroCCR","article_modified_time":"2025-12-04T15:52:40+00:00","twitter_card":"summary_large_image","schema":{"@context":"https:\/\/schema.org","@graph":[{"@type":"WebPage","@id":"https:\/\/uroccr.fr\/en\/contact\/","url":"https:\/\/uroccr.fr\/en\/contact\/","name":"UroCCR Contact \u2013 French National Research on Kidney Cancer","isPartOf":{"@id":"https:\/\/uroccr.fr\/en\/#website"},"primaryImageOfPage":{"@id":"https:\/\/uroccr.fr\/en\/contact\/#primaryimage"},"image":{"@id":"https:\/\/uroccr.fr\/en\/contact\/#primaryimage"},"thumbnailUrl":"https:\/\/uroccr.fr\/wp-content\/uploads\/2025\/10\/logo-uroccr-fond-blanc.svg","datePublished":"2025-10-23T09:32:01+00:00","dateModified":"2025-12-04T15:52:40+00:00","description":"Would you like to find more about UroCCR? Contact our experts dedicated to kidney cancer research and management.","breadcrumb":{"@id":"https:\/\/uroccr.fr\/en\/contact\/#breadcrumb"},"inLanguage":"en-US","potentialAction":[{"@type":"ReadAction","target":["https:\/\/uroccr.fr\/en\/contact\/"]}]},{"@type":"ImageObject","inLanguage":"en-US","@id":"https:\/\/uroccr.fr\/en\/contact\/#primaryimage","url":"https:\/\/uroccr.fr\/wp-content\/uploads\/2025\/10\/logo-uroccr-fond-blanc.svg","contentUrl":"https:\/\/uroccr.fr\/wp-content\/uploads\/2025\/10\/logo-uroccr-fond-blanc.svg","caption":"Logo UroCCR fond blanc"},{"@type":"BreadcrumbList","@id":"https:\/\/uroccr.fr\/en\/contact\/#breadcrumb","itemListElement":[{"@type":"ListItem","position":1,"name":"Accueil","item":"https:\/\/uroccr.fr\/en\/"},{"@type":"ListItem","position":2,"name":"Contact"}]},{"@type":"WebSite","@id":"https:\/\/uroccr.fr\/en\/#website","url":"https:\/\/uroccr.fr\/en\/","name":"UroCCR","description":"R\u00e9seau Fran\u00e7ais de recherche sur le cancer du rein \u00e0 Bordeaux","publisher":{"@id":"https:\/\/uroccr.fr\/en\/#organization"},"potentialAction":[{"@type":"SearchAction","target":{"@type":"EntryPoint","urlTemplate":"https:\/\/uroccr.fr\/en\/?s={search_term_string}"},"query-input":{"@type":"PropertyValueSpecification","valueRequired":true,"valueName":"search_term_string"}}],"inLanguage":"en-US"},{"@type":"Organization","@id":"https:\/\/uroccr.fr\/en\/#organization","name":"UroCCR","url":"https:\/\/uroccr.fr\/en\/","logo":{"@type":"ImageObject","inLanguage":"en-US","@id":"https:\/\/uroccr.fr\/en\/#\/schema\/logo\/image\/","url":"https:\/\/uroccr.fr\/wp-content\/uploads\/2025\/10\/logo-uroccr-fond-blanc.svg","contentUrl":"https:\/\/uroccr.fr\/wp-content\/uploads\/2025\/10\/logo-uroccr-fond-blanc.svg","caption":"UroCCR"},"image":{"@id":"https:\/\/uroccr.fr\/en\/#\/schema\/logo\/image\/"}}]}},"_links":{"self":[{"href":"https:\/\/uroccr.fr\/en\/wp-json\/wp\/v2\/pages\/2084","targetHints":{"allow":["GET"]}}],"collection":[{"href":"https:\/\/uroccr.fr\/en\/wp-json\/wp\/v2\/pages"}],"about":[{"href":"https:\/\/uroccr.fr\/en\/wp-json\/wp\/v2\/types\/page"}],"author":[{"embeddable":true,"href":"https:\/\/uroccr.fr\/en\/wp-json\/wp\/v2\/users\/4"}],"replies":[{"embeddable":true,"href":"https:\/\/uroccr.fr\/en\/wp-json\/wp\/v2\/comments?post=2084"}],"version-history":[{"count":0,"href":"https:\/\/uroccr.fr\/en\/wp-json\/wp\/v2\/pages\/2084\/revisions"}],"wp:featuredmedia":[{"embeddable":true,"href":"https:\/\/uroccr.fr\/en\/wp-json\/wp\/v2\/media\/2014"}],"wp:attachment":[{"href":"https:\/\/uroccr.fr\/en\/wp-json\/wp\/v2\/media?parent=2084"}],"curies":[{"name":"wp","href":"https:\/\/api.w.org\/{rel}","templated":true}]}}