{"id":2096,"date":"2021-12-17T17:32:17","date_gmt":"2021-12-17T16:32:17","guid":{"rendered":"https:\/\/uroccr-com.dev.hiteo.cloud\/privacy-policy\/"},"modified":"2026-04-21T11:35:15","modified_gmt":"2026-04-21T09:35:15","slug":"privacy-policy","status":"publish","type":"page","link":"https:\/\/uroccr.fr\/en\/privacy-policy\/","title":{"rendered":"Privacy policy"},"content":{"rendered":"\t\t<div data-elementor-type=\"wp-page\" data-elementor-id=\"2096\" class=\"elementor elementor-2096 elementor-3\" data-elementor-post-type=\"page\">\n\t\t\t\t<div class=\"elementor-element elementor-element-c3a11ba e-flex e-con-boxed e-con e-parent\" data-id=\"c3a11ba\" data-element_type=\"container\" data-e-type=\"container\" data-settings=\"{&quot;background_background&quot;:&quot;classic&quot;}\">\n\t\t\t\t\t<div class=\"e-con-inner\">\n\t\t\t\t<div class=\"elementor-element elementor-element-2ac9737 elementor-widget__width-initial elementor-widget-mobile__width-inherit elementor-widget elementor-widget-heading\" data-id=\"2ac9737\" data-element_type=\"widget\" data-e-type=\"widget\" data-widget_type=\"heading.default\">\n\t\t\t\t<div class=\"elementor-widget-container\">\n\t\t\t\t\t<h1 class=\"elementor-heading-title elementor-size-default\">P<span>r<\/span>ivacy policy<\/h1>\t\t\t\t<\/div>\n\t\t\t\t<\/div>\n\t\t\t\t<div class=\"elementor-element elementor-element-ca79b44 elementor-hidden-tablet elementor-hidden-mobile elementor-widget elementor-widget-image\" data-id=\"ca79b44\" data-element_type=\"widget\" data-e-type=\"widget\" data-widget_type=\"image.default\">\n\t\t\t\t<div class=\"elementor-widget-container\">\n\t\t\t\t\t\t\t\t\t\t\t\t\t\t\t<img decoding=\"async\" width=\"195\" height=\"198\" src=\"https:\/\/uroccr.fr\/wp-content\/uploads\/2025\/10\/cercle-bleu-uroccr-bordeaux.webp\" class=\"attachment-full size-full wp-image-1986\" alt=\"Cercle bleu UroCCR Bordeaux\" \/>\t\t\t\t\t\t\t\t\t\t\t\t\t\t\t<\/div>\n\t\t\t\t<\/div>\n\t\t\t\t\t<\/div>\n\t\t\t\t<\/div>\n\t\t<div class=\"elementor-element elementor-element-36a8d2f e-flex e-con-boxed e-con e-parent\" data-id=\"36a8d2f\" data-element_type=\"container\" data-e-type=\"container\">\n\t\t\t\t\t<div class=\"e-con-inner\">\n\t\t\t\t<div class=\"elementor-element elementor-element-0733396 elementor-widget elementor-widget-text-editor\" data-id=\"0733396\" data-element_type=\"widget\" data-e-type=\"widget\" data-widget_type=\"text-editor.default\">\n\t\t\t\t<div class=\"elementor-widget-container\">\n\t\t\t\t\t\t\t\t\t<p><strong>ARTICLE 1 \u2013 PERSONAL INFORMATION COLLECTED<\/strong><\/p><p>When you browse our website, we collect the personal information you provide to us, such as your surname, first name, telephone number and e-mail address.<\/p><p>When you browse our website, we also automatically receive the Internet Protocol address (IP address) of your computer, which enables us to obtain more details about the browser and operating system you are using.<\/p><p><strong>ARTICLE 2 \u2013 CONSENT<\/strong><\/p><p>When you provide us with your personal information, we assume that you consent to our collection and use of your information for that specific purpose only.<\/p><p>If we ask you to provide us with your personal information for any other reason, for example for marketing purposes, we will ask you directly for your express consent, or provide you with the opportunity to refuse.<\/p><p>How can I withdraw my consent?<\/p><p>If, after giving your consent, you change your mind and no longer consent to us contacting you, collecting your information, or disclosing it, you can notify us by contacting us at <a href=\"mailto:uroccr@chu-bordeaux.fr\">uroccr@chu-bordeaux.fr<\/a> or by post: Service d\u2019Urologie Centre Hospitalier Universitaire de Bordeaux Place Am\u00e9lie Raba-L\u00e9on 33076 Bordeaux cedex<\/p><p><strong>ARTICLE 3 \u2013 DISCLOSURE<\/strong><\/p><p>We may disclose your personal information if we are required to do so by law.<\/p><p><strong>ARTICLE 4 \u2013 THIRS PARTY SERVICES<\/strong><\/p><p>You may leave our website by clicking on certain links on our site. We are not responsible for the privacy practices of these other sites and recommend that you read their privacy policies carefully.<\/p><p><strong>ARTICLE 5 \u2013 SECURITY<\/strong><\/p><p>We invest significant resources to protect your personal information, from loss, misuse, unauthorised access, modification or disclosure.<\/p><p>We use Google Analytics yo track statistics on our website.<\/p><p><strong>ARTICLE 6 \u2013 AGE OF CONSENT<\/strong><\/p><p>By using this site, you represent that you are at least the age of majority in your state or province of residence, and that you have given us your consent to allow any minor dependent to use this website.<\/p><p><strong>ARTICLE 7 \u2013 CHANGES TO THIS PRIVACY POLICY<\/strong><\/p><p>We reserve the right to change this Privacy Policy at any time, so please review it frequently. Changes and clarifications will take effect immediately upon being posted on the website.<\/p><p>If our website is acquired by or merged with another company, your information may be transferred to the new owners.<\/p><p><strong>QUESTIONS AND CONTACT DETAILS<\/strong><\/p><p>If you would like to access, correct, amend or withdraw any personal information we have about you, lodge a complaint, or if you would simply like more information, please contact the Privacy Officer at: <a href=\"mailto:uroccr@chu-bordeaux.fr\">uroccr@chu-bordeaux.fr<\/a> or by post: Service d\u2019Urologie Centre Hospitalier Universitaire de Bordeaux Place Am\u00e9lie Raba-L\u00e9on 33076 Bordeaux cedex<\/p>\t\t\t\t\t\t\t\t<\/div>\n\t\t\t\t<\/div>\n\t\t\t\t<div class=\"elementor-element elementor-element-6876f2b elementor-tablet-align-left elementor-align-left elementor-widget elementor-widget-button\" data-id=\"6876f2b\" data-element_type=\"widget\" data-e-type=\"widget\" data-widget_type=\"button.default\">\n\t\t\t\t<div class=\"elementor-widget-container\">\n\t\t\t\t\t\t\t\t\t<div class=\"elementor-button-wrapper\">\n\t\t\t\t\t<a class=\"elementor-button elementor-button-link elementor-size-sm\" href=\"https:\/\/uroccr.fr\/en\/\">\n\t\t\t\t\t\t<span class=\"elementor-button-content-wrapper\">\n\t\t\t\t\t\t\t\t\t<span class=\"elementor-button-text\">Back to home page<\/span>\n\t\t\t\t\t<\/span>\n\t\t\t\t\t<\/a>\n\t\t\t\t<\/div>\n\t\t\t\t\t\t\t\t<\/div>\n\t\t\t\t<\/div>\n\t\t\t\t\t<\/div>\n\t\t\t\t<\/div>\n\t\t\t\t<\/div>\n\t\t","protected":false},"excerpt":{"rendered":"<p>Privacy policy ARTICLE 1 \u2013 PERSONAL INFORMATION COLLECTED When you browse our website, we collect the personal information you provide to us, such as your surname, first name, telephone number and e-mail address. When you browse our website, we also automatically receive the Internet Protocol address (IP address) of your computer, which enables us to [&hellip;]<\/p>\n","protected":false},"author":4,"featured_media":2014,"parent":0,"menu_order":0,"comment_status":"closed","ping_status":"closed","template":"","meta":{"_acf_changed":false,"inline_featured_image":false,"footnotes":""},"class_list":["post-2096","page","type-page","status-publish","has-post-thumbnail","hentry"],"acf":[],"yoast_head":"<!-- This site is optimized with the Yoast SEO plugin v27.5 - https:\/\/yoast.com\/product\/yoast-seo-wordpress\/ -->\n<title>UroCCR website privacy policy<\/title>\n<meta name=\"description\" content=\"Discover the privacy policy of the UroCCR website. All information is online.\" \/>\n<meta name=\"robots\" content=\"index, follow, max-snippet:-1, max-image-preview:large, max-video-preview:-1\" \/>\n<link rel=\"canonical\" href=\"https:\/\/uroccr.fr\/en\/privacy-policy\/\" \/>\n<meta property=\"og:locale\" content=\"en_US\" \/>\n<meta property=\"og:type\" content=\"article\" \/>\n<meta property=\"og:title\" content=\"UroCCR website privacy policy\" \/>\n<meta property=\"og:description\" content=\"Discover the privacy policy of the UroCCR website. All information is online.\" \/>\n<meta property=\"og:url\" content=\"https:\/\/uroccr.fr\/en\/privacy-policy\/\" \/>\n<meta property=\"og:site_name\" content=\"UroCCR\" \/>\n<meta property=\"article:modified_time\" content=\"2026-04-21T09:35:15+00:00\" \/>\n<meta name=\"twitter:card\" content=\"summary_large_image\" \/>\n<meta name=\"twitter:label1\" content=\"Est. reading time\" \/>\n\t<meta name=\"twitter:data1\" content=\"3 minutes\" \/>\n<script type=\"application\/ld+json\" class=\"yoast-schema-graph\">{\"@context\":\"https:\\\/\\\/schema.org\",\"@graph\":[{\"@type\":\"WebPage\",\"@id\":\"https:\\\/\\\/uroccr.fr\\\/en\\\/privacy-policy\\\/\",\"url\":\"https:\\\/\\\/uroccr.fr\\\/en\\\/privacy-policy\\\/\",\"name\":\"UroCCR website privacy policy\",\"isPartOf\":{\"@id\":\"https:\\\/\\\/uroccr.fr\\\/en\\\/#website\"},\"primaryImageOfPage\":{\"@id\":\"https:\\\/\\\/uroccr.fr\\\/en\\\/privacy-policy\\\/#primaryimage\"},\"image\":{\"@id\":\"https:\\\/\\\/uroccr.fr\\\/en\\\/privacy-policy\\\/#primaryimage\"},\"thumbnailUrl\":\"https:\\\/\\\/uroccr.fr\\\/wp-content\\\/uploads\\\/2025\\\/10\\\/logo-uroccr-fond-blanc.svg\",\"datePublished\":\"2021-12-17T16:32:17+00:00\",\"dateModified\":\"2026-04-21T09:35:15+00:00\",\"description\":\"Discover the privacy policy of the UroCCR website. All information is online.\",\"breadcrumb\":{\"@id\":\"https:\\\/\\\/uroccr.fr\\\/en\\\/privacy-policy\\\/#breadcrumb\"},\"inLanguage\":\"en-US\",\"potentialAction\":[{\"@type\":\"ReadAction\",\"target\":[\"https:\\\/\\\/uroccr.fr\\\/en\\\/privacy-policy\\\/\"]}]},{\"@type\":\"ImageObject\",\"inLanguage\":\"en-US\",\"@id\":\"https:\\\/\\\/uroccr.fr\\\/en\\\/privacy-policy\\\/#primaryimage\",\"url\":\"https:\\\/\\\/uroccr.fr\\\/wp-content\\\/uploads\\\/2025\\\/10\\\/logo-uroccr-fond-blanc.svg\",\"contentUrl\":\"https:\\\/\\\/uroccr.fr\\\/wp-content\\\/uploads\\\/2025\\\/10\\\/logo-uroccr-fond-blanc.svg\",\"caption\":\"Logo UroCCR fond blanc\"},{\"@type\":\"BreadcrumbList\",\"@id\":\"https:\\\/\\\/uroccr.fr\\\/en\\\/privacy-policy\\\/#breadcrumb\",\"itemListElement\":[{\"@type\":\"ListItem\",\"position\":1,\"name\":\"Accueil\",\"item\":\"https:\\\/\\\/uroccr.fr\\\/en\\\/\"},{\"@type\":\"ListItem\",\"position\":2,\"name\":\"Privacy policy\"}]},{\"@type\":\"WebSite\",\"@id\":\"https:\\\/\\\/uroccr.fr\\\/en\\\/#website\",\"url\":\"https:\\\/\\\/uroccr.fr\\\/en\\\/\",\"name\":\"UroCCR\",\"description\":\"R\u00e9seau Fran\u00e7ais de recherche sur le cancer du rein \u00e0 Bordeaux\",\"publisher\":{\"@id\":\"https:\\\/\\\/uroccr.fr\\\/en\\\/#organization\"},\"potentialAction\":[{\"@type\":\"SearchAction\",\"target\":{\"@type\":\"EntryPoint\",\"urlTemplate\":\"https:\\\/\\\/uroccr.fr\\\/en\\\/?s={search_term_string}\"},\"query-input\":{\"@type\":\"PropertyValueSpecification\",\"valueRequired\":true,\"valueName\":\"search_term_string\"}}],\"inLanguage\":\"en-US\"},{\"@type\":\"Organization\",\"@id\":\"https:\\\/\\\/uroccr.fr\\\/en\\\/#organization\",\"name\":\"UroCCR\",\"url\":\"https:\\\/\\\/uroccr.fr\\\/en\\\/\",\"logo\":{\"@type\":\"ImageObject\",\"inLanguage\":\"en-US\",\"@id\":\"https:\\\/\\\/uroccr.fr\\\/en\\\/#\\\/schema\\\/logo\\\/image\\\/\",\"url\":\"https:\\\/\\\/uroccr.fr\\\/wp-content\\\/uploads\\\/2025\\\/10\\\/logo-uroccr-fond-blanc.svg\",\"contentUrl\":\"https:\\\/\\\/uroccr.fr\\\/wp-content\\\/uploads\\\/2025\\\/10\\\/logo-uroccr-fond-blanc.svg\",\"caption\":\"UroCCR\"},\"image\":{\"@id\":\"https:\\\/\\\/uroccr.fr\\\/en\\\/#\\\/schema\\\/logo\\\/image\\\/\"}}]}<\/script>\n<!-- \/ Yoast SEO plugin. -->","yoast_head_json":{"title":"UroCCR website privacy policy","description":"Discover the privacy policy of the UroCCR website. All information is online.","robots":{"index":"index","follow":"follow","max-snippet":"max-snippet:-1","max-image-preview":"max-image-preview:large","max-video-preview":"max-video-preview:-1"},"canonical":"https:\/\/uroccr.fr\/en\/privacy-policy\/","og_locale":"en_US","og_type":"article","og_title":"UroCCR website privacy policy","og_description":"Discover the privacy policy of the UroCCR website. All information is online.","og_url":"https:\/\/uroccr.fr\/en\/privacy-policy\/","og_site_name":"UroCCR","article_modified_time":"2026-04-21T09:35:15+00:00","twitter_card":"summary_large_image","twitter_misc":{"Est. reading time":"3 minutes"},"schema":{"@context":"https:\/\/schema.org","@graph":[{"@type":"WebPage","@id":"https:\/\/uroccr.fr\/en\/privacy-policy\/","url":"https:\/\/uroccr.fr\/en\/privacy-policy\/","name":"UroCCR website privacy policy","isPartOf":{"@id":"https:\/\/uroccr.fr\/en\/#website"},"primaryImageOfPage":{"@id":"https:\/\/uroccr.fr\/en\/privacy-policy\/#primaryimage"},"image":{"@id":"https:\/\/uroccr.fr\/en\/privacy-policy\/#primaryimage"},"thumbnailUrl":"https:\/\/uroccr.fr\/wp-content\/uploads\/2025\/10\/logo-uroccr-fond-blanc.svg","datePublished":"2021-12-17T16:32:17+00:00","dateModified":"2026-04-21T09:35:15+00:00","description":"Discover the privacy policy of the UroCCR website. All information is online.","breadcrumb":{"@id":"https:\/\/uroccr.fr\/en\/privacy-policy\/#breadcrumb"},"inLanguage":"en-US","potentialAction":[{"@type":"ReadAction","target":["https:\/\/uroccr.fr\/en\/privacy-policy\/"]}]},{"@type":"ImageObject","inLanguage":"en-US","@id":"https:\/\/uroccr.fr\/en\/privacy-policy\/#primaryimage","url":"https:\/\/uroccr.fr\/wp-content\/uploads\/2025\/10\/logo-uroccr-fond-blanc.svg","contentUrl":"https:\/\/uroccr.fr\/wp-content\/uploads\/2025\/10\/logo-uroccr-fond-blanc.svg","caption":"Logo UroCCR fond blanc"},{"@type":"BreadcrumbList","@id":"https:\/\/uroccr.fr\/en\/privacy-policy\/#breadcrumb","itemListElement":[{"@type":"ListItem","position":1,"name":"Accueil","item":"https:\/\/uroccr.fr\/en\/"},{"@type":"ListItem","position":2,"name":"Privacy policy"}]},{"@type":"WebSite","@id":"https:\/\/uroccr.fr\/en\/#website","url":"https:\/\/uroccr.fr\/en\/","name":"UroCCR","description":"R\u00e9seau Fran\u00e7ais de recherche sur le cancer du rein \u00e0 Bordeaux","publisher":{"@id":"https:\/\/uroccr.fr\/en\/#organization"},"potentialAction":[{"@type":"SearchAction","target":{"@type":"EntryPoint","urlTemplate":"https:\/\/uroccr.fr\/en\/?s={search_term_string}"},"query-input":{"@type":"PropertyValueSpecification","valueRequired":true,"valueName":"search_term_string"}}],"inLanguage":"en-US"},{"@type":"Organization","@id":"https:\/\/uroccr.fr\/en\/#organization","name":"UroCCR","url":"https:\/\/uroccr.fr\/en\/","logo":{"@type":"ImageObject","inLanguage":"en-US","@id":"https:\/\/uroccr.fr\/en\/#\/schema\/logo\/image\/","url":"https:\/\/uroccr.fr\/wp-content\/uploads\/2025\/10\/logo-uroccr-fond-blanc.svg","contentUrl":"https:\/\/uroccr.fr\/wp-content\/uploads\/2025\/10\/logo-uroccr-fond-blanc.svg","caption":"UroCCR"},"image":{"@id":"https:\/\/uroccr.fr\/en\/#\/schema\/logo\/image\/"}}]}},"_links":{"self":[{"href":"https:\/\/uroccr.fr\/en\/wp-json\/wp\/v2\/pages\/2096","targetHints":{"allow":["GET"]}}],"collection":[{"href":"https:\/\/uroccr.fr\/en\/wp-json\/wp\/v2\/pages"}],"about":[{"href":"https:\/\/uroccr.fr\/en\/wp-json\/wp\/v2\/types\/page"}],"author":[{"embeddable":true,"href":"https:\/\/uroccr.fr\/en\/wp-json\/wp\/v2\/users\/4"}],"replies":[{"embeddable":true,"href":"https:\/\/uroccr.fr\/en\/wp-json\/wp\/v2\/comments?post=2096"}],"version-history":[{"count":3,"href":"https:\/\/uroccr.fr\/en\/wp-json\/wp\/v2\/pages\/2096\/revisions"}],"predecessor-version":[{"id":5168,"href":"https:\/\/uroccr.fr\/en\/wp-json\/wp\/v2\/pages\/2096\/revisions\/5168"}],"wp:featuredmedia":[{"embeddable":true,"href":"https:\/\/uroccr.fr\/en\/wp-json\/wp\/v2\/media\/2014"}],"wp:attachment":[{"href":"https:\/\/uroccr.fr\/en\/wp-json\/wp\/v2\/media?parent=2096"}],"curies":[{"name":"wp","href":"https:\/\/api.w.org\/{rel}","templated":true}]}}